{"id":861,"date":"2021-05-10T09:40:18","date_gmt":"2021-05-10T07:40:18","guid":{"rendered":"https:\/\/www.flaveursetchefs.com\/?post_type=product&#038;p=861"},"modified":"2023-02-09T07:15:30","modified_gmt":"2023-02-09T06:15:30","slug":"patisseries-autrefois","status":"publish","type":"product","link":"https:\/\/www.flaveursetchefs.com\/en\/programme\/patisseries-autrefois\/","title":{"rendered":"Les P\u00e2tisseries d&#8217;Autrefois mais revisit\u00e9es"},"content":{"rendered":"<p>Un cours in\u00e9dit o\u00f9 vous ferez des desserts d&#8217;autrefois mais revisit\u00e9s !<\/p>\n<p>Moins de sucre, plus de saveurs&#8230;<\/p>\n<p>&nbsp;<\/p>\n","protected":false},"excerpt":{"rendered":"<p>Un cours in\u00e9dit o\u00f9 vous ferez des desserts d&#8217;autrefois mais revisit\u00e9s ! Moins de sucre, plus de saveurs&#8230; &nbsp;<\/p>\n","protected":false},"featured_media":524,"template":"","meta":{"_acf_changed":false},"product_brand":[],"product_cat":[33],"product_tag":[],"class_list":{"0":"post-861","1":"product","2":"type-product","3":"status-publish","4":"has-post-thumbnail","6":"product_cat-adultes","8":"first","9":"instock","10":"virtual","11":"purchasable","12":"product-type-courses"},"acf":[],"yoast_head":"<!-- This site is optimized with the Yoast SEO plugin v25.5 - https:\/\/yoast.com\/wordpress\/plugins\/seo\/ -->\n<title>Les P\u00e2tisseries d&#039;Autrefois mais revisit\u00e9es - Flaveurs &amp; Chefs<\/title>\n<meta name=\"robots\" content=\"index, follow, max-snippet:-1, max-image-preview:large, max-video-preview:-1\" \/>\n<link rel=\"canonical\" href=\"https:\/\/www.flaveursetchefs.com\/en\/programme\/patisseries-autrefois\/\" \/>\n<meta property=\"og:locale\" content=\"en_US\" \/>\n<meta property=\"og:type\" content=\"article\" \/>\n<meta property=\"og:title\" content=\"Les P\u00e2tisseries d&#039;Autrefois mais revisit\u00e9es - Flaveurs &amp; Chefs\" \/>\n<meta property=\"og:description\" content=\"Un cours in\u00e9dit o\u00f9 vous ferez des desserts d&#8217;autrefois mais revisit\u00e9s ! Moins de sucre, plus de saveurs&#8230; &nbsp;\" \/>\n<meta property=\"og:url\" content=\"https:\/\/www.flaveursetchefs.com\/en\/programme\/patisseries-autrefois\/\" \/>\n<meta property=\"og:site_name\" content=\"Flaveurs &amp; Chefs\" \/>\n<meta property=\"article:publisher\" content=\"https:\/\/www.facebook.com\/Flaveurs-Chefs-875670562605285\/\" \/>\n<meta property=\"article:modified_time\" content=\"2023-02-09T06:15:30+00:00\" \/>\n<meta property=\"og:image\" content=\"https:\/\/www.flaveursetchefs.com\/content\/uploads\/2019\/10\/produit-26.jpg\" \/>\n\t<meta property=\"og:image:width\" content=\"960\" \/>\n\t<meta property=\"og:image:height\" content=\"1060\" \/>\n\t<meta property=\"og:image:type\" content=\"image\/jpeg\" \/>\n<meta name=\"twitter:card\" content=\"summary_large_image\" \/>\n<script type=\"application\/ld+json\" class=\"yoast-schema-graph\">{\"@context\":\"https:\/\/schema.org\",\"@graph\":[{\"@type\":\"WebPage\",\"@id\":\"https:\/\/www.flaveursetchefs.com\/en\/programme\/patisseries-autrefois\/\",\"url\":\"https:\/\/www.flaveursetchefs.com\/en\/programme\/patisseries-autrefois\/\",\"name\":\"Les P\u00e2tisseries d'Autrefois mais revisit\u00e9es - Flaveurs &amp; Chefs\",\"isPartOf\":{\"@id\":\"https:\/\/www.flaveursetchefs.com\/en\/#website\"},\"primaryImageOfPage\":{\"@id\":\"https:\/\/www.flaveursetchefs.com\/en\/programme\/patisseries-autrefois\/#primaryimage\"},\"image\":{\"@id\":\"https:\/\/www.flaveursetchefs.com\/en\/programme\/patisseries-autrefois\/#primaryimage\"},\"thumbnailUrl\":\"https:\/\/www.flaveursetchefs.com\/content\/uploads\/2019\/10\/produit-26.jpg\",\"datePublished\":\"2021-05-10T07:40:18+00:00\",\"dateModified\":\"2023-02-09T06:15:30+00:00\",\"breadcrumb\":{\"@id\":\"https:\/\/www.flaveursetchefs.com\/en\/programme\/patisseries-autrefois\/#breadcrumb\"},\"inLanguage\":\"en-US\",\"potentialAction\":[{\"@type\":\"ReadAction\",\"target\":[\"https:\/\/www.flaveursetchefs.com\/en\/programme\/patisseries-autrefois\/\"]}]},{\"@type\":\"ImageObject\",\"inLanguage\":\"en-US\",\"@id\":\"https:\/\/www.flaveursetchefs.com\/en\/programme\/patisseries-autrefois\/#primaryimage\",\"url\":\"https:\/\/www.flaveursetchefs.com\/content\/uploads\/2019\/10\/produit-26.jpg\",\"contentUrl\":\"https:\/\/www.flaveursetchefs.com\/content\/uploads\/2019\/10\/produit-26.jpg\",\"width\":960,\"height\":1060},{\"@type\":\"BreadcrumbList\",\"@id\":\"https:\/\/www.flaveursetchefs.com\/en\/programme\/patisseries-autrefois\/#breadcrumb\",\"itemListElement\":[{\"@type\":\"ListItem\",\"position\":1,\"name\":\"Shop\",\"item\":\"https:\/\/www.flaveursetchefs.com\/?page_id=328\"},{\"@type\":\"ListItem\",\"position\":2,\"name\":\"Les P\u00e2tisseries d&rsquo;Autrefois mais revisit\u00e9es\"}]},{\"@type\":\"WebSite\",\"@id\":\"https:\/\/www.flaveursetchefs.com\/en\/#website\",\"url\":\"https:\/\/www.flaveursetchefs.com\/en\/\",\"name\":\"Flaveurs &amp; Chefs\",\"description\":\"\u00c9cole de p\u00e2tisserie\",\"potentialAction\":[{\"@type\":\"SearchAction\",\"target\":{\"@type\":\"EntryPoint\",\"urlTemplate\":\"https:\/\/www.flaveursetchefs.com\/en\/?s={search_term_string}\"},\"query-input\":{\"@type\":\"PropertyValueSpecification\",\"valueRequired\":true,\"valueName\":\"search_term_string\"}}],\"inLanguage\":\"en-US\"}]}<\/script>\n<!-- \/ Yoast SEO plugin. -->","yoast_head_json":{"title":"Les P\u00e2tisseries d'Autrefois mais revisit\u00e9es - Flaveurs &amp; Chefs","robots":{"index":"index","follow":"follow","max-snippet":"max-snippet:-1","max-image-preview":"max-image-preview:large","max-video-preview":"max-video-preview:-1"},"canonical":"https:\/\/www.flaveursetchefs.com\/en\/programme\/patisseries-autrefois\/","og_locale":"en_US","og_type":"article","og_title":"Les P\u00e2tisseries d'Autrefois mais revisit\u00e9es - Flaveurs &amp; Chefs","og_description":"Un cours in\u00e9dit o\u00f9 vous ferez des desserts d&#8217;autrefois mais revisit\u00e9s ! Moins de sucre, plus de saveurs&#8230; &nbsp;","og_url":"https:\/\/www.flaveursetchefs.com\/en\/programme\/patisseries-autrefois\/","og_site_name":"Flaveurs &amp; Chefs","article_publisher":"https:\/\/www.facebook.com\/Flaveurs-Chefs-875670562605285\/","article_modified_time":"2023-02-09T06:15:30+00:00","og_image":[{"width":960,"height":1060,"url":"https:\/\/www.flaveursetchefs.com\/content\/uploads\/2019\/10\/produit-26.jpg","type":"image\/jpeg"}],"twitter_card":"summary_large_image","schema":{"@context":"https:\/\/schema.org","@graph":[{"@type":"WebPage","@id":"https:\/\/www.flaveursetchefs.com\/en\/programme\/patisseries-autrefois\/","url":"https:\/\/www.flaveursetchefs.com\/en\/programme\/patisseries-autrefois\/","name":"Les P\u00e2tisseries d'Autrefois mais revisit\u00e9es - Flaveurs &amp; Chefs","isPartOf":{"@id":"https:\/\/www.flaveursetchefs.com\/en\/#website"},"primaryImageOfPage":{"@id":"https:\/\/www.flaveursetchefs.com\/en\/programme\/patisseries-autrefois\/#primaryimage"},"image":{"@id":"https:\/\/www.flaveursetchefs.com\/en\/programme\/patisseries-autrefois\/#primaryimage"},"thumbnailUrl":"https:\/\/www.flaveursetchefs.com\/content\/uploads\/2019\/10\/produit-26.jpg","datePublished":"2021-05-10T07:40:18+00:00","dateModified":"2023-02-09T06:15:30+00:00","breadcrumb":{"@id":"https:\/\/www.flaveursetchefs.com\/en\/programme\/patisseries-autrefois\/#breadcrumb"},"inLanguage":"en-US","potentialAction":[{"@type":"ReadAction","target":["https:\/\/www.flaveursetchefs.com\/en\/programme\/patisseries-autrefois\/"]}]},{"@type":"ImageObject","inLanguage":"en-US","@id":"https:\/\/www.flaveursetchefs.com\/en\/programme\/patisseries-autrefois\/#primaryimage","url":"https:\/\/www.flaveursetchefs.com\/content\/uploads\/2019\/10\/produit-26.jpg","contentUrl":"https:\/\/www.flaveursetchefs.com\/content\/uploads\/2019\/10\/produit-26.jpg","width":960,"height":1060},{"@type":"BreadcrumbList","@id":"https:\/\/www.flaveursetchefs.com\/en\/programme\/patisseries-autrefois\/#breadcrumb","itemListElement":[{"@type":"ListItem","position":1,"name":"Shop","item":"https:\/\/www.flaveursetchefs.com\/?page_id=328"},{"@type":"ListItem","position":2,"name":"Les P\u00e2tisseries d&rsquo;Autrefois mais revisit\u00e9es"}]},{"@type":"WebSite","@id":"https:\/\/www.flaveursetchefs.com\/en\/#website","url":"https:\/\/www.flaveursetchefs.com\/en\/","name":"Flaveurs &amp; Chefs","description":"\u00c9cole de p\u00e2tisserie","potentialAction":[{"@type":"SearchAction","target":{"@type":"EntryPoint","urlTemplate":"https:\/\/www.flaveursetchefs.com\/en\/?s={search_term_string}"},"query-input":{"@type":"PropertyValueSpecification","valueRequired":true,"valueName":"search_term_string"}}],"inLanguage":"en-US"}]}},"jetpack_sharing_enabled":true,"_links":{"self":[{"href":"https:\/\/www.flaveursetchefs.com\/en\/wp-json\/wp\/v2\/product\/861","targetHints":{"allow":["GET"]}}],"collection":[{"href":"https:\/\/www.flaveursetchefs.com\/en\/wp-json\/wp\/v2\/product"}],"about":[{"href":"https:\/\/www.flaveursetchefs.com\/en\/wp-json\/wp\/v2\/types\/product"}],"wp:featuredmedia":[{"embeddable":true,"href":"https:\/\/www.flaveursetchefs.com\/en\/wp-json\/wp\/v2\/media\/524"}],"wp:attachment":[{"href":"https:\/\/www.flaveursetchefs.com\/en\/wp-json\/wp\/v2\/media?parent=861"}],"wp:term":[{"taxonomy":"product_brand","embeddable":true,"href":"https:\/\/www.flaveursetchefs.com\/en\/wp-json\/wp\/v2\/product_brand?post=861"},{"taxonomy":"product_cat","embeddable":true,"href":"https:\/\/www.flaveursetchefs.com\/en\/wp-json\/wp\/v2\/product_cat?post=861"},{"taxonomy":"product_tag","embeddable":true,"href":"https:\/\/www.flaveursetchefs.com\/en\/wp-json\/wp\/v2\/product_tag?post=861"}],"curies":[{"name":"wp","href":"https:\/\/api.w.org\/{rel}","templated":true}]}}