{"id":1051,"date":"2023-01-09T09:40:18","date_gmt":"2023-01-09T08:40:18","guid":{"rendered":"https:\/\/www.flaveursetchefs.com\/?post_type=product&#038;p=1051"},"modified":"2024-11-25T17:47:15","modified_gmt":"2024-11-25T16:47:15","slug":"brioches-et-viennoiseries","status":"publish","type":"product","link":"https:\/\/www.flaveursetchefs.com\/en\/programme\/brioches-et-viennoiseries\/","title":{"rendered":"Journ\u00e9e Boulangerie avec Christian GILLET"},"content":{"rendered":"<p>Avec la venue exceptionnelle de Christian Gillet et Rachel Blanchon, venez apprendre \u00e0 r\u00e9aliser vos brioches et viennoiseries.<\/p>\n<p>Un cours \u00e0 la journ\u00e9e pour approfondir vos connaissances et prendre le temps de faire vos recettes du d\u00e9but \u00e0 la fin.<\/p>\n<p>P\u00e2te brioch\u00e9e, p\u00e2te lev\u00e9e feuillet\u00e9e et toutes les explications sur la fermentation, un cours extraordinaire pour apprendre plein de choses.<\/p>\n<p>Pause d\u00e9jeuner incluse<\/p>\n","protected":false},"excerpt":{"rendered":"<p>Avec la venue exceptionnelle de Christian Gillet et Rachel Blanchon, venez apprendre \u00e0 r\u00e9aliser vos brioches et viennoiseries. Un cours \u00e0 la journ\u00e9e pour approfondir vos connaissances et prendre le temps de faire vos recettes du d\u00e9but \u00e0 la fin. P\u00e2te brioch\u00e9e, p\u00e2te lev\u00e9e feuillet\u00e9e et toutes les explications sur la fermentation, un cours extraordinaire [&hellip;]<\/p>\n","protected":false},"featured_media":567,"template":"","meta":{"_acf_changed":false},"product_brand":[],"product_cat":[33],"product_tag":[],"class_list":{"0":"post-1051","1":"product","2":"type-product","3":"status-publish","4":"has-post-thumbnail","6":"product_cat-adultes","8":"first","9":"instock","10":"virtual","11":"sold-individually","12":"purchasable","13":"product-type-courses"},"acf":[],"yoast_head":"<!-- This site is optimized with the Yoast SEO plugin v25.5 - https:\/\/yoast.com\/wordpress\/plugins\/seo\/ -->\n<title>Journ\u00e9e Boulangerie avec Christian GILLET - Flaveurs &amp; Chefs<\/title>\n<meta name=\"robots\" content=\"index, follow, max-snippet:-1, max-image-preview:large, max-video-preview:-1\" \/>\n<link rel=\"canonical\" href=\"https:\/\/www.flaveursetchefs.com\/en\/programme\/brioches-et-viennoiseries\/\" \/>\n<meta property=\"og:locale\" content=\"en_US\" \/>\n<meta property=\"og:type\" content=\"article\" \/>\n<meta property=\"og:title\" content=\"Journ\u00e9e Boulangerie avec Christian GILLET - Flaveurs &amp; Chefs\" \/>\n<meta property=\"og:description\" content=\"Avec la venue exceptionnelle de Christian Gillet et Rachel Blanchon, venez apprendre \u00e0 r\u00e9aliser vos brioches et viennoiseries. Un cours \u00e0 la journ\u00e9e pour approfondir vos connaissances et prendre le temps de faire vos recettes du d\u00e9but \u00e0 la fin. P\u00e2te brioch\u00e9e, p\u00e2te lev\u00e9e feuillet\u00e9e et toutes les explications sur la fermentation, un cours extraordinaire [&hellip;]\" \/>\n<meta property=\"og:url\" content=\"https:\/\/www.flaveursetchefs.com\/en\/programme\/brioches-et-viennoiseries\/\" \/>\n<meta property=\"og:site_name\" content=\"Flaveurs &amp; Chefs\" \/>\n<meta property=\"article:publisher\" content=\"https:\/\/www.facebook.com\/Flaveurs-Chefs-875670562605285\/\" \/>\n<meta property=\"article:modified_time\" content=\"2024-11-25T16:47:15+00:00\" \/>\n<meta property=\"og:image\" content=\"http:\/\/www.flaveursetchefs.com\/content\/uploads\/2019\/12\/20191101_114049_resized-scaled.jpg\" \/>\n\t<meta property=\"og:image:width\" content=\"1440\" \/>\n\t<meta property=\"og:image:height\" content=\"2560\" \/>\n\t<meta property=\"og:image:type\" content=\"image\/jpeg\" \/>\n<meta name=\"twitter:card\" content=\"summary_large_image\" \/>\n<meta name=\"twitter:label1\" content=\"Est. reading time\" \/>\n\t<meta name=\"twitter:data1\" content=\"1 minute\" \/>\n<script type=\"application\/ld+json\" class=\"yoast-schema-graph\">{\"@context\":\"https:\/\/schema.org\",\"@graph\":[{\"@type\":\"WebPage\",\"@id\":\"https:\/\/www.flaveursetchefs.com\/en\/programme\/brioches-et-viennoiseries\/\",\"url\":\"https:\/\/www.flaveursetchefs.com\/en\/programme\/brioches-et-viennoiseries\/\",\"name\":\"Journ\u00e9e Boulangerie avec Christian GILLET - Flaveurs &amp; Chefs\",\"isPartOf\":{\"@id\":\"https:\/\/www.flaveursetchefs.com\/en\/#website\"},\"primaryImageOfPage\":{\"@id\":\"https:\/\/www.flaveursetchefs.com\/en\/programme\/brioches-et-viennoiseries\/#primaryimage\"},\"image\":{\"@id\":\"https:\/\/www.flaveursetchefs.com\/en\/programme\/brioches-et-viennoiseries\/#primaryimage\"},\"thumbnailUrl\":\"https:\/\/www.flaveursetchefs.com\/content\/uploads\/2019\/12\/20191101_114049_resized-scaled.jpg\",\"datePublished\":\"2023-01-09T08:40:18+00:00\",\"dateModified\":\"2024-11-25T16:47:15+00:00\",\"breadcrumb\":{\"@id\":\"https:\/\/www.flaveursetchefs.com\/en\/programme\/brioches-et-viennoiseries\/#breadcrumb\"},\"inLanguage\":\"en-US\",\"potentialAction\":[{\"@type\":\"ReadAction\",\"target\":[\"https:\/\/www.flaveursetchefs.com\/en\/programme\/brioches-et-viennoiseries\/\"]}]},{\"@type\":\"ImageObject\",\"inLanguage\":\"en-US\",\"@id\":\"https:\/\/www.flaveursetchefs.com\/en\/programme\/brioches-et-viennoiseries\/#primaryimage\",\"url\":\"https:\/\/www.flaveursetchefs.com\/content\/uploads\/2019\/12\/20191101_114049_resized-scaled.jpg\",\"contentUrl\":\"https:\/\/www.flaveursetchefs.com\/content\/uploads\/2019\/12\/20191101_114049_resized-scaled.jpg\",\"width\":1440,\"height\":2560},{\"@type\":\"BreadcrumbList\",\"@id\":\"https:\/\/www.flaveursetchefs.com\/en\/programme\/brioches-et-viennoiseries\/#breadcrumb\",\"itemListElement\":[{\"@type\":\"ListItem\",\"position\":1,\"name\":\"Shop\",\"item\":\"https:\/\/www.flaveursetchefs.com\/?page_id=328\"},{\"@type\":\"ListItem\",\"position\":2,\"name\":\"Journ\u00e9e Boulangerie avec Christian GILLET\"}]},{\"@type\":\"WebSite\",\"@id\":\"https:\/\/www.flaveursetchefs.com\/en\/#website\",\"url\":\"https:\/\/www.flaveursetchefs.com\/en\/\",\"name\":\"Flaveurs &amp; Chefs\",\"description\":\"\u00c9cole de p\u00e2tisserie\",\"potentialAction\":[{\"@type\":\"SearchAction\",\"target\":{\"@type\":\"EntryPoint\",\"urlTemplate\":\"https:\/\/www.flaveursetchefs.com\/en\/?s={search_term_string}\"},\"query-input\":{\"@type\":\"PropertyValueSpecification\",\"valueRequired\":true,\"valueName\":\"search_term_string\"}}],\"inLanguage\":\"en-US\"}]}<\/script>\n<!-- \/ Yoast SEO plugin. -->","yoast_head_json":{"title":"Journ\u00e9e Boulangerie avec Christian GILLET - Flaveurs &amp; Chefs","robots":{"index":"index","follow":"follow","max-snippet":"max-snippet:-1","max-image-preview":"max-image-preview:large","max-video-preview":"max-video-preview:-1"},"canonical":"https:\/\/www.flaveursetchefs.com\/en\/programme\/brioches-et-viennoiseries\/","og_locale":"en_US","og_type":"article","og_title":"Journ\u00e9e Boulangerie avec Christian GILLET - Flaveurs &amp; Chefs","og_description":"Avec la venue exceptionnelle de Christian Gillet et Rachel Blanchon, venez apprendre \u00e0 r\u00e9aliser vos brioches et viennoiseries. Un cours \u00e0 la journ\u00e9e pour approfondir vos connaissances et prendre le temps de faire vos recettes du d\u00e9but \u00e0 la fin. P\u00e2te brioch\u00e9e, p\u00e2te lev\u00e9e feuillet\u00e9e et toutes les explications sur la fermentation, un cours extraordinaire [&hellip;]","og_url":"https:\/\/www.flaveursetchefs.com\/en\/programme\/brioches-et-viennoiseries\/","og_site_name":"Flaveurs &amp; Chefs","article_publisher":"https:\/\/www.facebook.com\/Flaveurs-Chefs-875670562605285\/","article_modified_time":"2024-11-25T16:47:15+00:00","og_image":[{"width":1440,"height":2560,"url":"http:\/\/www.flaveursetchefs.com\/content\/uploads\/2019\/12\/20191101_114049_resized-scaled.jpg","type":"image\/jpeg"}],"twitter_card":"summary_large_image","twitter_misc":{"Est. reading time":"1 minute"},"schema":{"@context":"https:\/\/schema.org","@graph":[{"@type":"WebPage","@id":"https:\/\/www.flaveursetchefs.com\/en\/programme\/brioches-et-viennoiseries\/","url":"https:\/\/www.flaveursetchefs.com\/en\/programme\/brioches-et-viennoiseries\/","name":"Journ\u00e9e Boulangerie avec Christian GILLET - Flaveurs &amp; Chefs","isPartOf":{"@id":"https:\/\/www.flaveursetchefs.com\/en\/#website"},"primaryImageOfPage":{"@id":"https:\/\/www.flaveursetchefs.com\/en\/programme\/brioches-et-viennoiseries\/#primaryimage"},"image":{"@id":"https:\/\/www.flaveursetchefs.com\/en\/programme\/brioches-et-viennoiseries\/#primaryimage"},"thumbnailUrl":"https:\/\/www.flaveursetchefs.com\/content\/uploads\/2019\/12\/20191101_114049_resized-scaled.jpg","datePublished":"2023-01-09T08:40:18+00:00","dateModified":"2024-11-25T16:47:15+00:00","breadcrumb":{"@id":"https:\/\/www.flaveursetchefs.com\/en\/programme\/brioches-et-viennoiseries\/#breadcrumb"},"inLanguage":"en-US","potentialAction":[{"@type":"ReadAction","target":["https:\/\/www.flaveursetchefs.com\/en\/programme\/brioches-et-viennoiseries\/"]}]},{"@type":"ImageObject","inLanguage":"en-US","@id":"https:\/\/www.flaveursetchefs.com\/en\/programme\/brioches-et-viennoiseries\/#primaryimage","url":"https:\/\/www.flaveursetchefs.com\/content\/uploads\/2019\/12\/20191101_114049_resized-scaled.jpg","contentUrl":"https:\/\/www.flaveursetchefs.com\/content\/uploads\/2019\/12\/20191101_114049_resized-scaled.jpg","width":1440,"height":2560},{"@type":"BreadcrumbList","@id":"https:\/\/www.flaveursetchefs.com\/en\/programme\/brioches-et-viennoiseries\/#breadcrumb","itemListElement":[{"@type":"ListItem","position":1,"name":"Shop","item":"https:\/\/www.flaveursetchefs.com\/?page_id=328"},{"@type":"ListItem","position":2,"name":"Journ\u00e9e Boulangerie avec Christian GILLET"}]},{"@type":"WebSite","@id":"https:\/\/www.flaveursetchefs.com\/en\/#website","url":"https:\/\/www.flaveursetchefs.com\/en\/","name":"Flaveurs &amp; Chefs","description":"\u00c9cole de p\u00e2tisserie","potentialAction":[{"@type":"SearchAction","target":{"@type":"EntryPoint","urlTemplate":"https:\/\/www.flaveursetchefs.com\/en\/?s={search_term_string}"},"query-input":{"@type":"PropertyValueSpecification","valueRequired":true,"valueName":"search_term_string"}}],"inLanguage":"en-US"}]}},"jetpack_sharing_enabled":true,"_links":{"self":[{"href":"https:\/\/www.flaveursetchefs.com\/en\/wp-json\/wp\/v2\/product\/1051","targetHints":{"allow":["GET"]}}],"collection":[{"href":"https:\/\/www.flaveursetchefs.com\/en\/wp-json\/wp\/v2\/product"}],"about":[{"href":"https:\/\/www.flaveursetchefs.com\/en\/wp-json\/wp\/v2\/types\/product"}],"wp:featuredmedia":[{"embeddable":true,"href":"https:\/\/www.flaveursetchefs.com\/en\/wp-json\/wp\/v2\/media\/567"}],"wp:attachment":[{"href":"https:\/\/www.flaveursetchefs.com\/en\/wp-json\/wp\/v2\/media?parent=1051"}],"wp:term":[{"taxonomy":"product_brand","embeddable":true,"href":"https:\/\/www.flaveursetchefs.com\/en\/wp-json\/wp\/v2\/product_brand?post=1051"},{"taxonomy":"product_cat","embeddable":true,"href":"https:\/\/www.flaveursetchefs.com\/en\/wp-json\/wp\/v2\/product_cat?post=1051"},{"taxonomy":"product_tag","embeddable":true,"href":"https:\/\/www.flaveursetchefs.com\/en\/wp-json\/wp\/v2\/product_tag?post=1051"}],"curies":[{"name":"wp","href":"https:\/\/api.w.org\/{rel}","templated":true}]}}