{"id":225,"date":"2018-09-24T15:25:34","date_gmt":"2018-09-24T13:25:34","guid":{"rendered":"https:\/\/flaveurs.agencecitrongivre.ovh\/boutique\/"},"modified":"2018-09-25T14:50:10","modified_gmt":"2018-09-25T12:50:10","slug":"boutique","status":"publish","type":"page","link":"https:\/\/www.flaveursetchefs.com\/en\/boutique\/","title":{"rendered":"The boutique"},"content":{"rendered":"","protected":false},"excerpt":{"rendered":"","protected":false},"author":1,"featured_media":0,"parent":0,"menu_order":0,"comment_status":"closed","ping_status":"closed","template":"","meta":{"_acf_changed":false,"footnotes":""},"class_list":["post-225","page","type-page","status-publish","hentry"],"acf":[],"yoast_head":"<!-- This site is optimized with the Yoast SEO plugin v25.5 - https:\/\/yoast.com\/wordpress\/plugins\/seo\/ -->\n<title>The boutique - Flaveurs &amp; Chefs<\/title>\n<meta name=\"description\" content=\"La boutique Flaveurs &amp; Chefs vous propose tout le mat\u00e9riel et les ingr\u00e9dients de grandes qualit\u00e9s utilis\u00e9s par les professionnels afin de reproduire pr\u00e9cis\u00e9ment et en toute simplicit\u00e9 chez vous, les recettes de nos Chefs.\" \/>\n<meta name=\"robots\" content=\"index, follow, max-snippet:-1, max-image-preview:large, max-video-preview:-1\" \/>\n<link rel=\"canonical\" href=\"https:\/\/www.flaveursetchefs.com\/en\/boutique\/\" \/>\n<meta property=\"og:locale\" content=\"en_US\" \/>\n<meta property=\"og:type\" content=\"article\" \/>\n<meta property=\"og:title\" content=\"The boutique - Flaveurs &amp; Chefs\" \/>\n<meta property=\"og:description\" content=\"La boutique Flaveurs &amp; Chefs vous propose tout le mat\u00e9riel et les ingr\u00e9dients de grandes qualit\u00e9s utilis\u00e9s par les professionnels afin de reproduire pr\u00e9cis\u00e9ment et en toute simplicit\u00e9 chez vous, les recettes de nos Chefs.\" \/>\n<meta property=\"og:url\" content=\"https:\/\/www.flaveursetchefs.com\/en\/boutique\/\" \/>\n<meta property=\"og:site_name\" content=\"Flaveurs &amp; Chefs\" \/>\n<meta property=\"article:publisher\" content=\"https:\/\/www.facebook.com\/Flaveurs-Chefs-875670562605285\/\" \/>\n<meta property=\"article:modified_time\" content=\"2018-09-25T12:50:10+00:00\" \/>\n<meta property=\"og:image\" content=\"https:\/\/www.flaveursetchefs.com\/content\/uploads\/2019\/09\/default-og-flaveurs.png\" \/>\n\t<meta property=\"og:image:width\" content=\"1200\" \/>\n\t<meta property=\"og:image:height\" content=\"630\" \/>\n\t<meta property=\"og:image:type\" content=\"image\/png\" \/>\n<meta name=\"twitter:card\" content=\"summary_large_image\" \/>\n<script type=\"application\/ld+json\" class=\"yoast-schema-graph\">{\"@context\":\"https:\/\/schema.org\",\"@graph\":[{\"@type\":\"WebPage\",\"@id\":\"https:\/\/www.flaveursetchefs.com\/en\/boutique\/\",\"url\":\"https:\/\/www.flaveursetchefs.com\/en\/boutique\/\",\"name\":\"The boutique - Flaveurs &amp; Chefs\",\"isPartOf\":{\"@id\":\"https:\/\/www.flaveursetchefs.com\/en\/#website\"},\"datePublished\":\"2018-09-24T13:25:34+00:00\",\"dateModified\":\"2018-09-25T12:50:10+00:00\",\"description\":\"La boutique Flaveurs & Chefs vous propose tout le mat\u00e9riel et les ingr\u00e9dients de grandes qualit\u00e9s utilis\u00e9s par les professionnels afin de reproduire pr\u00e9cis\u00e9ment et en toute simplicit\u00e9 chez vous, les recettes de nos Chefs.\",\"inLanguage\":\"en-US\",\"potentialAction\":[{\"@type\":\"ReadAction\",\"target\":[\"https:\/\/www.flaveursetchefs.com\/en\/boutique\/\"]}]},{\"@type\":\"WebSite\",\"@id\":\"https:\/\/www.flaveursetchefs.com\/en\/#website\",\"url\":\"https:\/\/www.flaveursetchefs.com\/en\/\",\"name\":\"Flaveurs &amp; Chefs\",\"description\":\"\u00c9cole de p\u00e2tisserie\",\"potentialAction\":[{\"@type\":\"SearchAction\",\"target\":{\"@type\":\"EntryPoint\",\"urlTemplate\":\"https:\/\/www.flaveursetchefs.com\/en\/?s={search_term_string}\"},\"query-input\":{\"@type\":\"PropertyValueSpecification\",\"valueRequired\":true,\"valueName\":\"search_term_string\"}}],\"inLanguage\":\"en-US\"}]}<\/script>\n<!-- \/ Yoast SEO plugin. -->","yoast_head_json":{"title":"The boutique - Flaveurs &amp; Chefs","description":"La boutique Flaveurs & Chefs vous propose tout le mat\u00e9riel et les ingr\u00e9dients de grandes qualit\u00e9s utilis\u00e9s par les professionnels afin de reproduire pr\u00e9cis\u00e9ment et en toute simplicit\u00e9 chez vous, les recettes de nos Chefs.","robots":{"index":"index","follow":"follow","max-snippet":"max-snippet:-1","max-image-preview":"max-image-preview:large","max-video-preview":"max-video-preview:-1"},"canonical":"https:\/\/www.flaveursetchefs.com\/en\/boutique\/","og_locale":"en_US","og_type":"article","og_title":"The boutique - Flaveurs &amp; Chefs","og_description":"La boutique Flaveurs & Chefs vous propose tout le mat\u00e9riel et les ingr\u00e9dients de grandes qualit\u00e9s utilis\u00e9s par les professionnels afin de reproduire pr\u00e9cis\u00e9ment et en toute simplicit\u00e9 chez vous, les recettes de nos Chefs.","og_url":"https:\/\/www.flaveursetchefs.com\/en\/boutique\/","og_site_name":"Flaveurs &amp; Chefs","article_publisher":"https:\/\/www.facebook.com\/Flaveurs-Chefs-875670562605285\/","article_modified_time":"2018-09-25T12:50:10+00:00","og_image":[{"width":1200,"height":630,"url":"https:\/\/www.flaveursetchefs.com\/content\/uploads\/2019\/09\/default-og-flaveurs.png","type":"image\/png"}],"twitter_card":"summary_large_image","schema":{"@context":"https:\/\/schema.org","@graph":[{"@type":"WebPage","@id":"https:\/\/www.flaveursetchefs.com\/en\/boutique\/","url":"https:\/\/www.flaveursetchefs.com\/en\/boutique\/","name":"The boutique - Flaveurs &amp; Chefs","isPartOf":{"@id":"https:\/\/www.flaveursetchefs.com\/en\/#website"},"datePublished":"2018-09-24T13:25:34+00:00","dateModified":"2018-09-25T12:50:10+00:00","description":"La boutique Flaveurs & Chefs vous propose tout le mat\u00e9riel et les ingr\u00e9dients de grandes qualit\u00e9s utilis\u00e9s par les professionnels afin de reproduire pr\u00e9cis\u00e9ment et en toute simplicit\u00e9 chez vous, les recettes de nos Chefs.","inLanguage":"en-US","potentialAction":[{"@type":"ReadAction","target":["https:\/\/www.flaveursetchefs.com\/en\/boutique\/"]}]},{"@type":"WebSite","@id":"https:\/\/www.flaveursetchefs.com\/en\/#website","url":"https:\/\/www.flaveursetchefs.com\/en\/","name":"Flaveurs &amp; Chefs","description":"\u00c9cole de p\u00e2tisserie","potentialAction":[{"@type":"SearchAction","target":{"@type":"EntryPoint","urlTemplate":"https:\/\/www.flaveursetchefs.com\/en\/?s={search_term_string}"},"query-input":{"@type":"PropertyValueSpecification","valueRequired":true,"valueName":"search_term_string"}}],"inLanguage":"en-US"}]}},"jetpack_sharing_enabled":true,"_links":{"self":[{"href":"https:\/\/www.flaveursetchefs.com\/en\/wp-json\/wp\/v2\/pages\/225","targetHints":{"allow":["GET"]}}],"collection":[{"href":"https:\/\/www.flaveursetchefs.com\/en\/wp-json\/wp\/v2\/pages"}],"about":[{"href":"https:\/\/www.flaveursetchefs.com\/en\/wp-json\/wp\/v2\/types\/page"}],"author":[{"embeddable":true,"href":"https:\/\/www.flaveursetchefs.com\/en\/wp-json\/wp\/v2\/users\/1"}],"replies":[{"embeddable":true,"href":"https:\/\/www.flaveursetchefs.com\/en\/wp-json\/wp\/v2\/comments?post=225"}],"version-history":[{"count":2,"href":"https:\/\/www.flaveursetchefs.com\/en\/wp-json\/wp\/v2\/pages\/225\/revisions"}],"predecessor-version":[{"id":227,"href":"https:\/\/www.flaveursetchefs.com\/en\/wp-json\/wp\/v2\/pages\/225\/revisions\/227"}],"wp:attachment":[{"href":"https:\/\/www.flaveursetchefs.com\/en\/wp-json\/wp\/v2\/media?parent=225"}],"curies":[{"name":"wp","href":"https:\/\/api.w.org\/{rel}","templated":true}]}}